{"id":9,"date":"2024-01-18T20:34:15","date_gmt":"2024-01-18T19:34:15","guid":{"rendered":"https:\/\/damelapata.es\/?page_id=9"},"modified":"2025-10-23T20:19:52","modified_gmt":"2025-10-23T18:19:52","slug":"contact","status":"publish","type":"page","link":"https:\/\/damelapata.es\/index.php\/contact\/","title":{"rendered":"Tarifas"},"content":{"rendered":"\n<div class=\"wp-block-cover alignfull\"><span aria-hidden=\"true\" class=\"wp-block-cover__background has-neve-text-color-background-color has-background-dim-100 has-background-dim\"><\/span><div class=\"wp-block-cover__inner-container is-layout-constrained wp-block-cover-is-layout-constrained\">\n<div class=\"wp-block-group has-neve-text-color-background-color has-background\"><div class=\"wp-block-group__inner-container is-layout-constrained wp-block-group-is-layout-constrained\">\n<div class=\"wp-block-columns is-layout-flex wp-container-core-columns-is-layout-2 wp-block-columns-is-layout-flex\">\n<div class=\"wp-block-column is-layout-flow wp-block-column-is-layout-flow\">\n<p><\/p>\n\n\n\n<div class=\"wp-block-columns is-layout-flex wp-container-core-columns-is-layout-1 wp-block-columns-is-layout-flex\">\n<div class=\"wp-block-column is-layout-flow wp-block-column-is-layout-flow\"><\/div>\n<\/div>\n\n\n\n<figure class=\"wp-block-image size-large\"><img fetchpriority=\"high\" decoding=\"async\" width=\"1024\" height=\"709\" src=\"https:\/\/damelapata.es\/wp-content\/uploads\/2024\/02\/WhatsApp-Image-2023-08-29-at-08.27.25-2-1-1024x709.png\" alt=\"\" class=\"wp-image-302\" srcset=\"https:\/\/damelapata.es\/wp-content\/uploads\/2024\/02\/WhatsApp-Image-2023-08-29-at-08.27.25-2-1-1024x709.png 1024w, https:\/\/damelapata.es\/wp-content\/uploads\/2024\/02\/WhatsApp-Image-2023-08-29-at-08.27.25-2-1-300x208.png 300w, https:\/\/damelapata.es\/wp-content\/uploads\/2024\/02\/WhatsApp-Image-2023-08-29-at-08.27.25-2-1-768x532.png 768w, https:\/\/damelapata.es\/wp-content\/uploads\/2024\/02\/WhatsApp-Image-2023-08-29-at-08.27.25-2-1.png 1041w\" sizes=\"(max-width: 1024px) 100vw, 1024px\" \/><\/figure>\n\n\n\n<p><\/p>\n\n\n\n<h3 class=\"wp-block-heading\" style=\"font-size:30px\"><strong>TODAS LAS CLASES SON A DOMICILIO.<\/strong><\/h3>\n\n\n\n<p><\/p>\n\n\n\n<h3 class=\"wp-block-heading\" style=\"font-size:30px\">Si tienes problemas en casa, la soluci\u00f3n es dar una clase suelta. No es que se solucione en una sola clase (aunque casi ;)) pero una sola clase es lo que necesito para explicaros lo que <strong>VOSOTROS <\/strong>ten\u00e9is que hacer. En menos de una semana deber\u00edais tenerlo solucionado. Esta clase puede impartirse a cualquier edad.<\/h3>\n\n\n\n<h3 class=\"wp-block-heading\" style=\"font-size:30px\"><\/h3>\n\n\n\n<h3 class=\"wp-block-heading\" style=\"font-size:30px\"><\/h3>\n\n\n\n<h3 class=\"wp-block-heading\" style=\"font-size:30px\">Si por el contrario tienes problemas en la calle, la soluci\u00f3n es el curso de obediencia b\u00e1sica. Son 10 clases (2 por semana), 5 clases en casa y 5 clases en la calle. Este curso puede impartirse desde los 5 meses de edad.<\/h3>\n\n\n\n<p><\/p>\n<\/div>\n<\/div>\n<\/div><\/div>\n\n\n\n<div class=\"wp-block-columns is-layout-flex wp-container-core-columns-is-layout-3 wp-block-columns-is-layout-flex\">\n<div class=\"wp-block-column is-layout-flow wp-block-column-is-layout-flow\"><\/div>\n<\/div>\n\n\n\n<p><\/p>\n<\/div><\/div>\n\n\n\n<div class=\"wp-block-columns is-layout-flex wp-container-core-columns-is-layout-5 wp-block-columns-is-layout-flex\">\n<div class=\"wp-block-column is-layout-flow wp-block-column-is-layout-flow\">\n<div class=\"wp-block-columns is-layout-flex wp-container-core-columns-is-layout-4 wp-block-columns-is-layout-flex\">\n<div class=\"wp-block-column is-layout-flow wp-block-column-is-layout-flow\"><\/div>\n<\/div>\n\n\n<div class=\"wp-block-image\">\n<figure class=\"aligncenter size-full is-resized\"><a href=\"https:\/\/wa.me\/673468768\"><img decoding=\"async\" width=\"414\" height=\"96\" src=\"https:\/\/damelapata.es\/wp-content\/uploads\/2024\/01\/WhatsAppButtonGreenLarge-1.png\" alt=\"\" class=\"wp-image-292\" style=\"width:336px;height:auto\" srcset=\"https:\/\/damelapata.es\/wp-content\/uploads\/2024\/01\/WhatsAppButtonGreenLarge-1.png 414w, https:\/\/damelapata.es\/wp-content\/uploads\/2024\/01\/WhatsAppButtonGreenLarge-1-300x70.png 300w\" sizes=\"(max-width: 414px) 100vw, 414px\" \/><\/a><\/figure><\/div><\/div>\n<\/div>\n\n\n\n<div class=\"wp-block-columns is-layout-flex wp-container-core-columns-is-layout-6 wp-block-columns-is-layout-flex\">\n<div class=\"wp-block-column is-layout-flow wp-block-column-is-layout-flow\"><\/div>\n<\/div>\n\n\n\n<div class=\"wp-block-columns alignwide is-layout-flex wp-container-core-columns-is-layout-8 wp-block-columns-is-layout-flex\" style=\"margin-bottom:0\">\n<div class=\"wp-block-column has-text-color has-background has-link-color wp-elements-ee43d71c10d2fc8d30119c8401cd36ac is-layout-flow wp-block-column-is-layout-flow\" style=\"color:#000000;background-color:#ffe97d;padding-top:2em;padding-right:2em;padding-bottom:2em;padding-left:2em\">\n<h2 class=\"wp-block-heading\" id=\"single\" style=\"font-size:40px\"><strong>PROBLEMAS EN CASA<\/strong><\/h2>\n\n\n\n<p class=\"has-normal-font-size\" style=\"line-height:1.5\"><strong>1 CLASE (PRESENCIAL)<\/strong><\/p>\n\n\n\n<hr class=\"wp-block-separator has-text-color has-css-opacity has-background is-style-wide\" style=\"background-color:#000000;color:#000000\"\/>\n\n\n\n<ul class=\"has-normal-font-size\">\n<li>Salta sobre las personas<\/li>\n\n\n\n<li>Mordisquea<\/li>\n\n\n\n<li>Hace sus necesidades en casa<\/li>\n\n\n\n<li>Sufre al quedarse solo<\/li>\n\n\n\n<li>Ladra cuando estamos en casa<\/li>\n\n\n\n<li>Somos novatos<\/li>\n\n\n\n<li>Miedos\/Inseguridades<\/li>\n\n\n\n<li>Agresividad<\/li>\n\n\n\n<li>Nuevo fichaje<\/li>\n<\/ul>\n\n\n\n<div class=\"wp-block-buttons is-content-justification-center is-layout-flex wp-container-core-buttons-is-layout-1 wp-block-buttons-is-layout-flex\">\n<div class=\"wp-block-button has-custom-font-size is-style-default has-large-font-size\"><a class=\"wp-block-button__link has-nv-site-bg-color has-text-color has-background has-link-color wp-element-button\" style=\"background-color:#000000\">120\u20ac<\/a><\/div>\n<\/div>\n<\/div>\n\n\n\n<div class=\"wp-block-column has-text-color has-background has-link-color wp-elements-78e57e965cc525aae6b282026d580978 is-layout-flow wp-block-column-is-layout-flow\" style=\"color:#000000;background-color:#c0ebf1;padding-top:2em;padding-right:2em;padding-bottom:2em;padding-left:2em\">\n<h2 class=\"wp-block-heading\" id=\"patron\" style=\"font-size:40px\"><strong>P<\/strong>ROBLEMAS EN LA CALLE<\/h2>\n\n\n\n<p class=\"has-normal-font-size\"><strong>BONO 10 CLASES (PRESENCIAL)<\/strong> <strong>DESDE LOS 5 MESES<\/strong><\/p>\n\n\n\n<hr class=\"wp-block-separator has-css-opacity is-style-wide\"\/>\n\n\n\n<ul class=\"has-normal-font-size\">\n<li>Tira de la correa<\/li>\n\n\n\n<li>Ladra incontroladamente<\/li>\n\n\n\n<li>Miedos\/Inseguridades<\/li>\n\n\n\n<li>No acude a la llamada<\/li>\n\n\n\n<li>Agresividad<\/li>\n<\/ul>\n\n\n\n<div class=\"wp-block-columns is-layout-flex wp-container-core-columns-is-layout-7 wp-block-columns-is-layout-flex\">\n<div class=\"wp-block-column is-layout-flow wp-block-column-is-layout-flow\">\n<div class=\"wp-block-buttons has-custom-font-size has-large-font-size is-content-justification-center is-layout-flex wp-container-core-buttons-is-layout-2 wp-block-buttons-is-layout-flex\">\n<div class=\"wp-block-button has-custom-font-size has-large-font-size\"><a class=\"wp-block-button__link has-nv-site-bg-color has-text-color has-background has-link-color wp-element-button\" style=\"background-color:#000000\">850\u20ac<\/a><\/div>\n\n\n\n<div class=\"wp-block-button has-custom-font-size has-small-font-size\"><a class=\"wp-block-button__link has-nv-site-bg-color has-text-color has-background has-link-color wp-element-button\" style=\"background-color:#000000\">El importe del bono no admite devoluciones<\/a><\/div>\n<\/div>\n<\/div>\n<\/div>\n<\/div>\n<\/div>\n\n\n\n<div class=\"wp-block-columns is-layout-flex wp-container-core-columns-is-layout-9 wp-block-columns-is-layout-flex\">\n<div class=\"wp-block-column is-layout-flow wp-block-column-is-layout-flow\"><\/div>\n<\/div>\n\n\n\n<div class=\"wp-block-columns is-layout-flex wp-container-core-columns-is-layout-10 wp-block-columns-is-layout-flex\">\n<div class=\"wp-block-column is-layout-flow wp-block-column-is-layout-flow\"><\/div>\n<\/div>\n\n\n\n<div class=\"wp-block-columns alignwide is-layout-flex wp-container-core-columns-is-layout-11 wp-block-columns-is-layout-flex\" style=\"margin-bottom:0\"><\/div>\n\n\n\n<div class=\"wp-block-columns is-layout-flex wp-container-core-columns-is-layout-14 wp-block-columns-is-layout-flex\">\n<div class=\"wp-block-column is-layout-flow wp-block-column-is-layout-flow\">\n<div class=\"wp-block-columns is-layout-flex wp-container-core-columns-is-layout-12 wp-block-columns-is-layout-flex\">\n<div class=\"wp-block-column is-layout-flow wp-block-column-is-layout-flow\"><\/div>\n<\/div>\n\n\n\n<div class=\"wp-block-columns is-layout-flex wp-container-core-columns-is-layout-13 wp-block-columns-is-layout-flex\">\n<div class=\"wp-block-column is-layout-flow wp-block-column-is-layout-flow\"><\/div>\n<\/div>\n\n\n\n<p style=\"font-size:30px\"><strong>Ahora que ya tienes toda la informaci\u00f3n, puedes ponerte en contacto conmigo por tel\u00e9fono llamando al 673468768 o a trav\u00e9s de WhatsApp. Cu\u00e9ntame qu\u00e9 problema quieres solucionar y si quieres \u00fanicamente una clase en casa o las diez del Curso de Obediencia B\u00e1sica. <\/strong><\/p>\n<\/div>\n<\/div>\n\n\n\n<div class=\"wp-block-columns is-layout-flex wp-container-core-columns-is-layout-16 wp-block-columns-is-layout-flex\">\n<div class=\"wp-block-column is-layout-flow wp-block-column-is-layout-flow\">\n<div class=\"wp-block-columns is-layout-flex wp-container-core-columns-is-layout-15 wp-block-columns-is-layout-flex\">\n<div class=\"wp-block-column is-layout-flow wp-block-column-is-layout-flow\"><\/div>\n<\/div>\n\n\n<div class=\"wp-block-image\">\n<figure class=\"aligncenter size-full is-resized\"><a href=\"https:\/\/wa.me\/673468768\"><img decoding=\"async\" width=\"414\" height=\"96\" src=\"https:\/\/damelapata.es\/wp-content\/uploads\/2024\/01\/WhatsAppButtonGreenLarge-1.png\" alt=\"\" class=\"wp-image-292\" style=\"width:336px;height:auto\" srcset=\"https:\/\/damelapata.es\/wp-content\/uploads\/2024\/01\/WhatsAppButtonGreenLarge-1.png 414w, https:\/\/damelapata.es\/wp-content\/uploads\/2024\/01\/WhatsAppButtonGreenLarge-1-300x70.png 300w\" sizes=\"(max-width: 414px) 100vw, 414px\" \/><\/a><\/figure><\/div><\/div>\n<\/div>\n\n\n\n<div class=\"wp-block-columns is-layout-flex wp-container-core-columns-is-layout-17 wp-block-columns-is-layout-flex\">\n<div class=\"wp-block-column is-layout-flow wp-block-column-is-layout-flow\"><\/div>\n<\/div>\n\n\n\n<div class=\"wp-block-columns is-layout-flex wp-container-core-columns-is-layout-18 wp-block-columns-is-layout-flex\">\n<div class=\"wp-block-column is-layout-flow wp-block-column-is-layout-flow\"><\/div>\n<\/div>\n\n\n\n<div class=\"wp-block-columns is-layout-flex wp-container-core-columns-is-layout-19 wp-block-columns-is-layout-flex\">\n<div class=\"wp-block-column is-layout-flow wp-block-column-is-layout-flow\"><\/div>\n<\/div>\n","protected":false},"excerpt":{"rendered":"<p>PROBLEMAS EN CASA 1 CLASE (PRESENCIAL) PROBLEMAS EN LA CALLE BONO 10 CLASES (PRESENCIAL) DESDE LOS 5 MESES Ahora que ya tienes toda la informaci\u00f3n, puedes ponerte en contacto conmigo por tel\u00e9fono llamando al 673468768 o a trav\u00e9s de WhatsApp. Cu\u00e9ntame qu\u00e9 problema quieres solucionar y si quieres \u00fanicamente una clase en casa o las&hellip;&nbsp;<a href=\"https:\/\/damelapata.es\/index.php\/contact\/\" class=\"\" rel=\"bookmark\">Leer m\u00e1s &raquo;<span class=\"screen-reader-text\">Tarifas<\/span><\/a><\/p>\n","protected":false},"author":1,"featured_media":0,"parent":0,"menu_order":0,"comment_status":"closed","ping_status":"closed","template":"","meta":{"neve_meta_sidebar":"","neve_meta_container":"","neve_meta_enable_content_width":"on","neve_meta_content_width":100,"neve_meta_title_alignment":"","neve_meta_author_avatar":"","neve_post_elements_order":"","neve_meta_disable_header":"","neve_meta_disable_footer":"","neve_meta_disable_title":"on","_joinchat":[],"footnotes":""},"yoast_head":"<!-- This site is optimized with the Yoast SEO plugin v23.0 - https:\/\/yoast.com\/wordpress\/plugins\/seo\/ -->\n<title>Tarifas - Dame la pata<\/title>\n<meta name=\"robots\" content=\"noindex, follow\" \/>\n<meta property=\"og:locale\" content=\"es_ES\" \/>\n<meta property=\"og:type\" content=\"article\" \/>\n<meta property=\"og:title\" content=\"Tarifas - Dame la pata\" \/>\n<meta property=\"og:description\" content=\"PROBLEMAS EN CASA 1 CLASE (PRESENCIAL) PROBLEMAS EN LA CALLE BONO 10 CLASES (PRESENCIAL) DESDE LOS 5 MESES Ahora que ya tienes toda la informaci\u00f3n, puedes ponerte en contacto conmigo por tel\u00e9fono llamando al 673468768 o a trav\u00e9s de WhatsApp. Cu\u00e9ntame qu\u00e9 problema quieres solucionar y si quieres \u00fanicamente una clase en casa o las&hellip;&nbsp;Leer m\u00e1s &raquo;Tarifas\" \/>\n<meta property=\"og:url\" content=\"https:\/\/damelapata.es\/index.php\/contact\/\" \/>\n<meta property=\"og:site_name\" content=\"Dame la pata\" \/>\n<meta property=\"article:modified_time\" content=\"2025-10-23T18:19:52+00:00\" \/>\n<meta property=\"og:image\" content=\"https:\/\/damelapata.es\/wp-content\/uploads\/2024\/02\/WhatsApp-Image-2023-08-29-at-08.27.25-2-1-1024x709.png\" \/>\n<meta name=\"twitter:card\" content=\"summary_large_image\" \/>\n<meta name=\"twitter:label1\" content=\"Tiempo de lectura\" \/>\n\t<meta name=\"twitter:data1\" content=\"2 minutos\" \/>\n<script type=\"application\/ld+json\" class=\"yoast-schema-graph\">{\"@context\":\"https:\/\/schema.org\",\"@graph\":[{\"@type\":\"WebPage\",\"@id\":\"https:\/\/damelapata.es\/index.php\/contact\/\",\"url\":\"https:\/\/damelapata.es\/index.php\/contact\/\",\"name\":\"Tarifas - Dame la pata\",\"isPartOf\":{\"@id\":\"https:\/\/damelapata.es\/#website\"},\"primaryImageOfPage\":{\"@id\":\"https:\/\/damelapata.es\/index.php\/contact\/#primaryimage\"},\"image\":{\"@id\":\"https:\/\/damelapata.es\/index.php\/contact\/#primaryimage\"},\"thumbnailUrl\":\"https:\/\/damelapata.es\/wp-content\/uploads\/2024\/02\/WhatsApp-Image-2023-08-29-at-08.27.25-2-1-1024x709.png\",\"datePublished\":\"2024-01-18T19:34:15+00:00\",\"dateModified\":\"2025-10-23T18:19:52+00:00\",\"breadcrumb\":{\"@id\":\"https:\/\/damelapata.es\/index.php\/contact\/#breadcrumb\"},\"inLanguage\":\"es\",\"potentialAction\":[{\"@type\":\"ReadAction\",\"target\":[\"https:\/\/damelapata.es\/index.php\/contact\/\"]}]},{\"@type\":\"ImageObject\",\"inLanguage\":\"es\",\"@id\":\"https:\/\/damelapata.es\/index.php\/contact\/#primaryimage\",\"url\":\"https:\/\/damelapata.es\/wp-content\/uploads\/2024\/02\/WhatsApp-Image-2023-08-29-at-08.27.25-2-1.png\",\"contentUrl\":\"https:\/\/damelapata.es\/wp-content\/uploads\/2024\/02\/WhatsApp-Image-2023-08-29-at-08.27.25-2-1.png\",\"width\":1041,\"height\":721},{\"@type\":\"BreadcrumbList\",\"@id\":\"https:\/\/damelapata.es\/index.php\/contact\/#breadcrumb\",\"itemListElement\":[{\"@type\":\"ListItem\",\"position\":1,\"name\":\"Portada\",\"item\":\"https:\/\/damelapata.es\/\"},{\"@type\":\"ListItem\",\"position\":2,\"name\":\"Tarifas\"}]},{\"@type\":\"WebSite\",\"@id\":\"https:\/\/damelapata.es\/#website\",\"url\":\"https:\/\/damelapata.es\/\",\"name\":\"Dame la pata\",\"description\":\"Adiestramiento a domicilio\",\"publisher\":{\"@id\":\"https:\/\/damelapata.es\/#organization\"},\"potentialAction\":[{\"@type\":\"SearchAction\",\"target\":{\"@type\":\"EntryPoint\",\"urlTemplate\":\"https:\/\/damelapata.es\/?s={search_term_string}\"},\"query-input\":\"required name=search_term_string\"}],\"inLanguage\":\"es\"},{\"@type\":\"Organization\",\"@id\":\"https:\/\/damelapata.es\/#organization\",\"name\":\"Dame la pata\",\"url\":\"https:\/\/damelapata.es\/\",\"logo\":{\"@type\":\"ImageObject\",\"inLanguage\":\"es\",\"@id\":\"https:\/\/damelapata.es\/#\/schema\/logo\/image\/\",\"url\":\"http:\/\/damelapata.es\/wp-content\/uploads\/2024\/01\/cropped-cropped-damelapata-08.png\",\"contentUrl\":\"http:\/\/damelapata.es\/wp-content\/uploads\/2024\/01\/cropped-cropped-damelapata-08.png\",\"width\":200,\"height\":50,\"caption\":\"Dame la pata\"},\"image\":{\"@id\":\"https:\/\/damelapata.es\/#\/schema\/logo\/image\/\"}}]}<\/script>\n<!-- \/ Yoast SEO plugin. -->","yoast_head_json":{"title":"Tarifas - Dame la pata","robots":{"index":"noindex","follow":"follow"},"og_locale":"es_ES","og_type":"article","og_title":"Tarifas - Dame la pata","og_description":"PROBLEMAS EN CASA 1 CLASE (PRESENCIAL) PROBLEMAS EN LA CALLE BONO 10 CLASES (PRESENCIAL) DESDE LOS 5 MESES Ahora que ya tienes toda la informaci\u00f3n, puedes ponerte en contacto conmigo por tel\u00e9fono llamando al 673468768 o a trav\u00e9s de WhatsApp. Cu\u00e9ntame qu\u00e9 problema quieres solucionar y si quieres \u00fanicamente una clase en casa o las&hellip;&nbsp;Leer m\u00e1s &raquo;Tarifas","og_url":"https:\/\/damelapata.es\/index.php\/contact\/","og_site_name":"Dame la pata","article_modified_time":"2025-10-23T18:19:52+00:00","og_image":[{"url":"https:\/\/damelapata.es\/wp-content\/uploads\/2024\/02\/WhatsApp-Image-2023-08-29-at-08.27.25-2-1-1024x709.png"}],"twitter_card":"summary_large_image","twitter_misc":{"Tiempo de lectura":"2 minutos"},"schema":{"@context":"https:\/\/schema.org","@graph":[{"@type":"WebPage","@id":"https:\/\/damelapata.es\/index.php\/contact\/","url":"https:\/\/damelapata.es\/index.php\/contact\/","name":"Tarifas - Dame la pata","isPartOf":{"@id":"https:\/\/damelapata.es\/#website"},"primaryImageOfPage":{"@id":"https:\/\/damelapata.es\/index.php\/contact\/#primaryimage"},"image":{"@id":"https:\/\/damelapata.es\/index.php\/contact\/#primaryimage"},"thumbnailUrl":"https:\/\/damelapata.es\/wp-content\/uploads\/2024\/02\/WhatsApp-Image-2023-08-29-at-08.27.25-2-1-1024x709.png","datePublished":"2024-01-18T19:34:15+00:00","dateModified":"2025-10-23T18:19:52+00:00","breadcrumb":{"@id":"https:\/\/damelapata.es\/index.php\/contact\/#breadcrumb"},"inLanguage":"es","potentialAction":[{"@type":"ReadAction","target":["https:\/\/damelapata.es\/index.php\/contact\/"]}]},{"@type":"ImageObject","inLanguage":"es","@id":"https:\/\/damelapata.es\/index.php\/contact\/#primaryimage","url":"https:\/\/damelapata.es\/wp-content\/uploads\/2024\/02\/WhatsApp-Image-2023-08-29-at-08.27.25-2-1.png","contentUrl":"https:\/\/damelapata.es\/wp-content\/uploads\/2024\/02\/WhatsApp-Image-2023-08-29-at-08.27.25-2-1.png","width":1041,"height":721},{"@type":"BreadcrumbList","@id":"https:\/\/damelapata.es\/index.php\/contact\/#breadcrumb","itemListElement":[{"@type":"ListItem","position":1,"name":"Portada","item":"https:\/\/damelapata.es\/"},{"@type":"ListItem","position":2,"name":"Tarifas"}]},{"@type":"WebSite","@id":"https:\/\/damelapata.es\/#website","url":"https:\/\/damelapata.es\/","name":"Dame la pata","description":"Adiestramiento a domicilio","publisher":{"@id":"https:\/\/damelapata.es\/#organization"},"potentialAction":[{"@type":"SearchAction","target":{"@type":"EntryPoint","urlTemplate":"https:\/\/damelapata.es\/?s={search_term_string}"},"query-input":"required name=search_term_string"}],"inLanguage":"es"},{"@type":"Organization","@id":"https:\/\/damelapata.es\/#organization","name":"Dame la pata","url":"https:\/\/damelapata.es\/","logo":{"@type":"ImageObject","inLanguage":"es","@id":"https:\/\/damelapata.es\/#\/schema\/logo\/image\/","url":"http:\/\/damelapata.es\/wp-content\/uploads\/2024\/01\/cropped-cropped-damelapata-08.png","contentUrl":"http:\/\/damelapata.es\/wp-content\/uploads\/2024\/01\/cropped-cropped-damelapata-08.png","width":200,"height":50,"caption":"Dame la pata"},"image":{"@id":"https:\/\/damelapata.es\/#\/schema\/logo\/image\/"}}]}},"_links":{"self":[{"href":"https:\/\/damelapata.es\/index.php\/wp-json\/wp\/v2\/pages\/9"}],"collection":[{"href":"https:\/\/damelapata.es\/index.php\/wp-json\/wp\/v2\/pages"}],"about":[{"href":"https:\/\/damelapata.es\/index.php\/wp-json\/wp\/v2\/types\/page"}],"author":[{"embeddable":true,"href":"https:\/\/damelapata.es\/index.php\/wp-json\/wp\/v2\/users\/1"}],"replies":[{"embeddable":true,"href":"https:\/\/damelapata.es\/index.php\/wp-json\/wp\/v2\/comments?post=9"}],"version-history":[{"count":6,"href":"https:\/\/damelapata.es\/index.php\/wp-json\/wp\/v2\/pages\/9\/revisions"}],"predecessor-version":[{"id":385,"href":"https:\/\/damelapata.es\/index.php\/wp-json\/wp\/v2\/pages\/9\/revisions\/385"}],"wp:attachment":[{"href":"https:\/\/damelapata.es\/index.php\/wp-json\/wp\/v2\/media?parent=9"}],"curies":[{"name":"wp","href":"https:\/\/api.w.org\/{rel}","templated":true}]}}